{"id":10892,"date":"2025-07-16T10:04:16","date_gmt":"2025-07-16T08:04:16","guid":{"rendered":"https:\/\/zolline.klinikakodu.pl\/produkt\/melody-3\/"},"modified":"2025-07-16T10:04:16","modified_gmt":"2025-07-16T08:04:16","slug":"melody-3","status":"publish","type":"product","link":"https:\/\/zolline.klinikakodu.pl\/en\/product\/melody-3\/","title":{"rendered":"Melody"},"content":{"rendered":"","protected":false},"excerpt":{"rendered":"<div class=\"flex-shrink-0 flex flex-col relative items-end\">\n<div class=\"pt-0\">\n<div class=\"gizmo-bot-avatar flex h-8 w-8 items-center justify-center overflow-hidden rounded-full\">\n<div class=\"relative p-1 rounded-sm flex items-center justify-center bg-token-main-surface-primary text-token-text-primary h-8 w-8\">&#8220;Melody&#8221; pier\u015bcionek delikatny, ale pe\u0142en wyrazisto\u015bci. Geometryczna forma, subtelne zdobienia i rytmiczny uk\u0142ad kamieni tworz\u0105 kompozycj\u0119, kt\u00f3ra przyci\u0105ga spojrzenia i nie potrzebuje s\u0142\u00f3w. &#8220;Melody&#8221; to pier\u015bcionek z charakterem \u2013 lekki w formie, mocny w wyrazie.<\/div>\n<\/div>\n<\/div>\n<\/div>\n","protected":false},"featured_media":8257,"comment_status":"open","ping_status":"closed","template":"","meta":{"_acf_changed":false},"product_brand":[],"product_cat":[739,705,707,740],"product_tag":[741,742],"class_list":{"0":"post-10892","1":"product","2":"type-product","3":"status-publish","4":"has-post-thumbnail","6":"product_cat-des-arte-en","7":"product_cat-new","8":"product_cat-pierscionki-i-obraczki-en","9":"product_cat-pierscionki-zareczynowe-en","10":"product_tag-art-deco-en","11":"product_tag-pierscionek-wielokamieniowy-en","13":"first","14":"outofstock","15":"shipping-taxable","16":"purchasable","17":"product-type-variable"},"acf":[],"_links":{"self":[{"href":"https:\/\/zolline.klinikakodu.pl\/en\/wp-json\/wp\/v2\/product\/10892","targetHints":{"allow":["GET"]}}],"collection":[{"href":"https:\/\/zolline.klinikakodu.pl\/en\/wp-json\/wp\/v2\/product"}],"about":[{"href":"https:\/\/zolline.klinikakodu.pl\/en\/wp-json\/wp\/v2\/types\/product"}],"replies":[{"embeddable":true,"href":"https:\/\/zolline.klinikakodu.pl\/en\/wp-json\/wp\/v2\/comments?post=10892"}],"wp:featuredmedia":[{"embeddable":true,"href":"https:\/\/zolline.klinikakodu.pl\/en\/wp-json\/wp\/v2\/media\/8257"}],"wp:attachment":[{"href":"https:\/\/zolline.klinikakodu.pl\/en\/wp-json\/wp\/v2\/media?parent=10892"}],"wp:term":[{"taxonomy":"product_brand","embeddable":true,"href":"https:\/\/zolline.klinikakodu.pl\/en\/wp-json\/wp\/v2\/product_brand?post=10892"},{"taxonomy":"product_cat","embeddable":true,"href":"https:\/\/zolline.klinikakodu.pl\/en\/wp-json\/wp\/v2\/product_cat?post=10892"},{"taxonomy":"product_tag","embeddable":true,"href":"https:\/\/zolline.klinikakodu.pl\/en\/wp-json\/wp\/v2\/product_tag?post=10892"}],"curies":[{"name":"wp","href":"https:\/\/api.w.org\/{rel}","templated":true}]}}