{"id":10767,"date":"2025-07-11T09:22:00","date_gmt":"2025-07-11T07:22:00","guid":{"rendered":"https:\/\/zolline.klinikakodu.pl\/produkt\/leonardo-intus-3\/"},"modified":"2025-07-20T21:14:31","modified_gmt":"2025-07-20T19:14:31","slug":"leonardo-intus-3","status":"publish","type":"product","link":"https:\/\/zolline.klinikakodu.pl\/en\/product\/leonardo-intus-3\/","title":{"rendered":"Leonardo intus"},"content":{"rendered":"","protected":false},"excerpt":{"rendered":"<div class=\"flex-shrink-0 flex flex-col relative items-end\">\n<div class=\"pt-0\">\n<div class=\"gizmo-bot-avatar flex h-8 w-8 items-center justify-center overflow-hidden rounded-full\">\n<div class=\"relative p-1 rounded-sm flex items-center justify-center bg-token-main-surface-primary text-token-text-primary h-8 w-8\">Z zewn\u0105trz surowa i prosta, od wewn\u0105trz skrywa wyrazisty ornament o zdecydowanej linii. Wz\u00f3r, kt\u00f3ry nie rzuca si\u0119 w oczy, ale zostaje na zawsze. Dla tych, kt\u00f3rzy nie musz\u0105 niczego udowadnia\u0107 \u2013 wystarczy, \u017ce wiedz\u0105, co nosz\u0105.<\/div>\n<\/div>\n<\/div>\n<\/div>\n","protected":false},"featured_media":8219,"comment_status":"open","ping_status":"closed","template":"","meta":{"_acf_changed":false},"product_brand":[],"product_cat":[702,705,707],"product_tag":[708],"class_list":{"0":"post-10767","1":"product","2":"type-product","3":"status-publish","4":"has-post-thumbnail","6":"product_cat-mystic-wings-en","7":"product_cat-new","8":"product_cat-pierscionki-i-obraczki-en","9":"product_tag-obraczka-bez-kamieni-en","11":"first","12":"outofstock","13":"shipping-taxable","14":"purchasable","15":"product-type-variable"},"acf":[],"_links":{"self":[{"href":"https:\/\/zolline.klinikakodu.pl\/en\/wp-json\/wp\/v2\/product\/10767","targetHints":{"allow":["GET"]}}],"collection":[{"href":"https:\/\/zolline.klinikakodu.pl\/en\/wp-json\/wp\/v2\/product"}],"about":[{"href":"https:\/\/zolline.klinikakodu.pl\/en\/wp-json\/wp\/v2\/types\/product"}],"replies":[{"embeddable":true,"href":"https:\/\/zolline.klinikakodu.pl\/en\/wp-json\/wp\/v2\/comments?post=10767"}],"wp:featuredmedia":[{"embeddable":true,"href":"https:\/\/zolline.klinikakodu.pl\/en\/wp-json\/wp\/v2\/media\/8219"}],"wp:attachment":[{"href":"https:\/\/zolline.klinikakodu.pl\/en\/wp-json\/wp\/v2\/media?parent=10767"}],"wp:term":[{"taxonomy":"product_brand","embeddable":true,"href":"https:\/\/zolline.klinikakodu.pl\/en\/wp-json\/wp\/v2\/product_brand?post=10767"},{"taxonomy":"product_cat","embeddable":true,"href":"https:\/\/zolline.klinikakodu.pl\/en\/wp-json\/wp\/v2\/product_cat?post=10767"},{"taxonomy":"product_tag","embeddable":true,"href":"https:\/\/zolline.klinikakodu.pl\/en\/wp-json\/wp\/v2\/product_tag?post=10767"}],"curies":[{"name":"wp","href":"https:\/\/api.w.org\/{rel}","templated":true}]}}