{"id":10663,"date":"2024-05-30T22:05:51","date_gmt":"2024-05-30T20:05:51","guid":{"rendered":"https:\/\/zolline.klinikakodu.pl\/strona-glowna\/"},"modified":"2025-07-20T00:05:39","modified_gmt":"2025-07-19T22:05:39","slug":"strona-glowna","status":"publish","type":"page","link":"https:\/\/zolline.klinikakodu.pl\/en\/","title":{"rendered":"Home"},"content":{"rendered":"\r\n    <div id=\"\" class=\"section-hero-slider   margin_none_top margin_none_bottom \" >\r\n        <div class=\"hero-slider__wrapper\">\r\n            <div class=\"hero-slider__slider swiper\">\r\n                <div class=\"swiper-wrapper\">\r\n                                                                        <div class=\"swiper-slide\">\r\n                                                                    <a href=\"https:\/\/zolline.klinikakodu.pl\/produkt\/angelis\/\" class=\"slide__link\"><\/a>\r\n                                                                <div class=\"slide__inner\">\r\n\r\n                                    <div class=\"hero-slider__slider-image hero-slider__slider-image--mobile\"\r\n                                         >\r\n                                                                                    <picture class=\"slider-image__picture\">\r\n                                                <source srcset='https:\/\/zolline.com\/wp-content\/uploads\/2025\/07\/anelis.png' media='(max-width:719.99px)'>\r\n                                                <source srcset='https:\/\/zolline.com\/wp-content\/uploads\/2025\/07\/anelis.png' media='(min-width:720px)'>\r\n                                                <img decoding=\"async\" class=\"img-fluid lazy\" src=\"https:\/\/zolline.com\/wp-content\/uploads\/2025\/07\/anelis.png\" alt=\"\" \/>\r\n                                            <\/picture>\r\n                                                                            <\/div>\r\n                                    <div class=\"hero-slider__slider-content\">\r\n\r\n                                                                                    <div class=\"slide__lead\">[EN] NASZYYJNK<\/div>\r\n                                                                                                                            <div class=\"slide__title\">Angelis<br \/>\r\n<\/div>\r\n                                                                            <\/div>\r\n                                <\/div>\r\n                            <\/div>\r\n                                                                                                <div class=\"swiper-slide\">\r\n                                                                    <a href=\"https:\/\/zolline.klinikakodu.pl\/produkt\/noelle\/\" class=\"slide__link\"><\/a>\r\n                                                                <div class=\"slide__inner\">\r\n\r\n                                    <div class=\"hero-slider__slider-image hero-slider__slider-image--mobile\"\r\n                                         >\r\n                                                                                    <picture class=\"slider-image__picture\">\r\n                                                <source srcset='https:\/\/zolline.com\/wp-content\/uploads\/2025\/07\/pierscionek-noelle.png' media='(max-width:719.99px)'>\r\n                                                <source srcset='https:\/\/zolline.com\/wp-content\/uploads\/2025\/07\/pierscionek-noelle.png' media='(min-width:720px)'>\r\n                                                <img decoding=\"async\" class=\"img-fluid lazy\" src=\"https:\/\/zolline.com\/wp-content\/uploads\/2025\/07\/pierscionek-noelle.png\" alt=\"\" \/>\r\n                                            <\/picture>\r\n                                                                            <\/div>\r\n                                    <div class=\"hero-slider__slider-content\">\r\n\r\n                                                                                    <div class=\"slide__lead\">[EN] PIER\u015aCIONEK<\/div>\r\n                                                                                                                            <div class=\"slide__title\">Noelle<\/div>\r\n                                                                            <\/div>\r\n                                <\/div>\r\n                            <\/div>\r\n                                                                                                <div class=\"swiper-slide\">\r\n                                                                    <a href=\"https:\/\/zolline.klinikakodu.pl\/produkt\/borghini\/\" class=\"slide__link\"><\/a>\r\n                                                                <div class=\"slide__inner\">\r\n\r\n                                    <div class=\"hero-slider__slider-image hero-slider__slider-image--mobile\"\r\n                                         >\r\n                                                                                    <picture class=\"slider-image__picture\">\r\n                                                <source srcset='https:\/\/zolline.com\/wp-content\/uploads\/2025\/07\/kolczyki-borghini.png' media='(max-width:719.99px)'>\r\n                                                <source srcset='https:\/\/zolline.com\/wp-content\/uploads\/2025\/07\/kolczyki-borghini.png' media='(min-width:720px)'>\r\n                                                <img decoding=\"async\" class=\"img-fluid lazy\" src=\"https:\/\/zolline.com\/wp-content\/uploads\/2025\/07\/kolczyki-borghini.png\" alt=\"\" \/>\r\n                                            <\/picture>\r\n                                                                            <\/div>\r\n                                    <div class=\"hero-slider__slider-content\">\r\n\r\n                                                                                    <div class=\"slide__lead\">[EN] KOLCZYKI<\/div>\r\n                                                                                                                            <div class=\"slide__title\">Borghini<\/div>\r\n                                                                            <\/div>\r\n                                <\/div>\r\n                            <\/div>\r\n                                                                                                <div class=\"swiper-slide\">\r\n                                                                    <a href=\"https:\/\/zolline.klinikakodu.pl\/produkt\/he-loves-me\/\" class=\"slide__link\"><\/a>\r\n                                                                <div class=\"slide__inner\">\r\n\r\n                                    <div class=\"hero-slider__slider-image hero-slider__slider-image--mobile\"\r\n                                         >\r\n                                                                                    <picture class=\"slider-image__picture\">\r\n                                                <source srcset='https:\/\/zolline.com\/wp-content\/uploads\/2025\/07\/obraczka-he-loves-me-1024x1024.webp' media='(max-width:719.99px)'>\r\n                                                <source srcset='https:\/\/zolline.com\/wp-content\/uploads\/2025\/07\/obraczka-he-loves-me-1024x1024.webp' media='(min-width:720px)'>\r\n                                                <img decoding=\"async\" class=\"img-fluid lazy\" src=\"https:\/\/zolline.com\/wp-content\/uploads\/2025\/07\/obraczka-he-loves-me-1024x1024.webp\" alt=\"\" \/>\r\n                                            <\/picture>\r\n                                                                            <\/div>\r\n                                    <div class=\"hero-slider__slider-content\">\r\n\r\n                                                                                    <div class=\"slide__lead\">[EN] OBR\u0104CZKA<\/div>\r\n                                                                                                                            <div class=\"slide__title\">He loves me<\/div>\r\n                                                                            <\/div>\r\n                                <\/div>\r\n                            <\/div>\r\n                                                                                                <div class=\"swiper-slide\">\r\n                                                                    <a href=\"https:\/\/zolline.klinikakodu.pl\/produkt\/genevieve\/\" class=\"slide__link\"><\/a>\r\n                                                                <div class=\"slide__inner\">\r\n\r\n                                    <div class=\"hero-slider__slider-image hero-slider__slider-image--mobile\"\r\n                                         >\r\n                                                                                    <picture class=\"slider-image__picture\">\r\n                                                <source srcset='https:\/\/zolline.com\/wp-content\/uploads\/2025\/07\/obraczka-genevieve-1024x1024.webp' media='(max-width:719.99px)'>\r\n                                                <source srcset='https:\/\/zolline.com\/wp-content\/uploads\/2025\/07\/obraczka-genevieve-1024x1024.webp' media='(min-width:720px)'>\r\n                                                <img decoding=\"async\" class=\"img-fluid lazy\" src=\"https:\/\/zolline.com\/wp-content\/uploads\/2025\/07\/obraczka-genevieve-1024x1024.webp\" alt=\"\" \/>\r\n                                            <\/picture>\r\n                                                                            <\/div>\r\n                                    <div class=\"hero-slider__slider-content\">\r\n\r\n                                                                                    <div class=\"slide__lead\">[EN] OBR\u0104CZKA<\/div>\r\n                                                                                                                            <div class=\"slide__title\">Genevieve<\/div>\r\n                                                                            <\/div>\r\n                                <\/div>\r\n                            <\/div>\r\n                                                                                                <div class=\"swiper-slide\">\r\n                                                                    <a href=\"https:\/\/zolline.klinikakodu.pl\/produkt\/florenza\/\" class=\"slide__link\"><\/a>\r\n                                                                <div class=\"slide__inner\">\r\n\r\n                                    <div class=\"hero-slider__slider-image hero-slider__slider-image--mobile\"\r\n                                         >\r\n                                                                                    <picture class=\"slider-image__picture\">\r\n                                                <source srcset='https:\/\/zolline.com\/wp-content\/uploads\/2025\/07\/kolczyki-florenza-1024x1024.webp' media='(max-width:719.99px)'>\r\n                                                <source srcset='https:\/\/zolline.com\/wp-content\/uploads\/2025\/07\/kolczyki-florenza-1024x1024.webp' media='(min-width:720px)'>\r\n                                                <img decoding=\"async\" class=\"img-fluid lazy\" src=\"https:\/\/zolline.com\/wp-content\/uploads\/2025\/07\/kolczyki-florenza-1024x1024.webp\" alt=\"\" \/>\r\n                                            <\/picture>\r\n                                                                            <\/div>\r\n                                    <div class=\"hero-slider__slider-content\">\r\n\r\n                                                                                    <div class=\"slide__lead\">[EN] KOLCZYKI<\/div>\r\n                                                                                                                            <div class=\"slide__title\">Florenza<br \/>\r\n<\/div>\r\n                                                                            <\/div>\r\n                                <\/div>\r\n                            <\/div>\r\n                                                            <\/div>\r\n                <div class=\"swiper-button-prev\">\r\n                    <svg width=\"52\" height=\"56\" viewBox=\"0 0 52 56\" fill=\"none\" xmlns=\"http:\/\/www.w3.org\/2000\/svg\">\r\n                        <rect x=\"51.5\" y=\"54.9229\" width=\"51\" height=\"53.5\" rx=\"25.5\" transform=\"rotate(-180 51.5 54.9229)\" fill=\"#F9F8F4\"\/>\r\n                        <rect x=\"51.5\" y=\"54.9229\" width=\"51\" height=\"53.5\" rx=\"25.5\" transform=\"rotate(-180 51.5 54.9229)\" stroke=\"#E5E2DA\"\/>\r\n                        <path d=\"M16.0872 28.1732C20.0878 30.0847 22.7208 32.583 23.2969 35.356\" stroke=\"#787169\" stroke-miterlimit=\"10\" stroke-linecap=\"round\"\/>\r\n                        <path d=\"M16.0889 28.1724L35.9141 28.1724\" stroke=\"#787169\" stroke-miterlimit=\"10\" stroke-linecap=\"round\"\/>\r\n                        <path d=\"M23.3008 20.9897C22.73 23.7626 20.0971 26.2663 16.0911 28.1724\" stroke=\"#787169\" stroke-miterlimit=\"10\" stroke-linecap=\"round\"\/>\r\n                    <\/svg>\r\n                <\/div>\r\n                <div class=\"swiper-button-next\">\r\n                    <svg width=\"52\" height=\"56\" viewBox=\"0 0 52 56\" fill=\"none\" xmlns=\"http:\/\/www.w3.org\/2000\/svg\">\r\n                        <rect x=\"0.5\" y=\"1.42285\" width=\"51\" height=\"53.5\" rx=\"25.5\" fill=\"#F9F8F4\"\/>\r\n                        <rect x=\"0.5\" y=\"1.42285\" width=\"51\" height=\"53.5\" rx=\"25.5\" stroke=\"#E5E2DA\"\/>\r\n                        <path d=\"M35.9128 28.1725C31.9122 26.261 29.2792 23.7627 28.7031 20.9897\" stroke=\"#787169\" stroke-miterlimit=\"10\" stroke-linecap=\"round\"\/>\r\n                        <path d=\"M35.9111 28.1733L16.0859 28.1733\" stroke=\"#787169\" stroke-miterlimit=\"10\" stroke-linecap=\"round\"\/>\r\n                        <path d=\"M28.7031 35.3561C29.2739 32.5831 31.9068 30.0794 35.9128 28.1733\" stroke=\"#787169\" stroke-miterlimit=\"10\" stroke-linecap=\"round\"\/>\r\n                    <\/svg>\r\n                <\/div>\r\n\r\n            <\/div>\r\n\r\n        <\/div>\r\n    <\/div>\r\n\r\n\r\n\n\n\r\n\n\n\r\n\n\n\r\n\r\n    <div id=\"\"  class=\"section-text_image  margin_small_top margin_small_bottom  full-width section-background--beige\">\r\n        <div class=\"text_image__wrapper container-fluid px-0\">\r\n            <div class=\"row flex-row-reverse\">\r\n                <div class=\"col__text  col__text--default col-third mx-auto  col-md-12 col-lg-12  col-12\">\r\n                                            <div class=\"text__content\"><h3 style=\"text-align: center;\">[EN] Najpi\u0119kniejsze emocje<\/h3>\n<p style=\"text-align: center;\">W mojej pracowni nie ma gotowych komplet\u00f3w obr\u0105czek, kt\u00f3re musicie kupi\u0107. Wszystkie mo\u017cecie zestawia\u0107 dowolnie, miksowa\u0107 kolory z\u0142ota, a\u00a0ka\u017cdy model mog\u0119 wykona\u0107 w dowolnym rozmiarze.<\/p><\/div>\r\n                                        <div class=\"text__cta\">\r\n                                                    <a\r\n                                class=\"btn btn--link arrow\"\r\n                                                                    href=\"\/kategoria-produktu\/obraczki-slubne\/\"\r\n                            >\r\n                                [EN] Obr\u0105czki \u015blubne                            <\/a>\r\n                                                                            <a\r\n                                class=\"btn btn--link arrow\"\r\n                                                                    href=\"\/kategoria-produktu\/pierscionki-i-obraczki\/\"\r\n                            >\r\n                                [EN] Pier\u015bcionki i obr\u0105czki                            <\/a>\r\n                                            <\/div>\r\n                <\/div>\r\n                <div class=\"col__image col-half col-md-12 col-lg-12 col-12 \">\r\n                                                                        <img decoding=\"async\" class=\"img-fluid\"\r\n                                 srcset=\"https:\/\/zolline.com\/wp-content\/uploads\/2024\/06\/Rectangle-486-e1741038194397-1024x740.jpg 1024w,\r\n                                    https:\/\/zolline.com\/wp-content\/uploads\/2024\/06\/Rectangle-486-e1741038194397.jpg 2560w\",\r\n                                 sizes=\"(max-width: 1024px) 1024px,\r\n                                    2560px\"\r\n                                 src=\"https:\/\/zolline.com\/wp-content\/uploads\/2024\/06\/Rectangle-486-e1741038194397.jpg\"\r\n                                 alt=\"\" \/>\r\n                                                            <\/div>\r\n            <\/div>\r\n        <\/div>\r\n    <\/div>\r\n\n\n\r\n\n\n\r\n\r\n    <div id=\"\"  class=\"section-text_image  margin_small_top margin_small_bottom  full-width section-background--beige\">\r\n        <div class=\"text_image__wrapper container-fluid px-0\">\r\n            <div class=\"row \">\r\n                <div class=\"col__text  col__text--default col-third mx-auto  col-md-12 col-lg-12  col-12\">\r\n                                            <div class=\"text__content\"><h3 style=\"text-align: center;\">[EN] Zolline od pocz\u0105tku jest tworzona w Polsce w Gda\u0144sku. Tw\u00f3rc\u0105 i projektantem marki jest Marcin Weso\u0142owski.<\/h3>\n<p style=\"text-align: center;\">Bi\u017cuteria Zolline jest tworzona z \u017c\u00f3\u0142tego, r\u00f3\u017cowego oraz z\u0142ota bia\u0142ego. W projektach Zolline u\u017cywane s\u0105 tylko starannie wyselekcjonowane, naturalne i najbardziej wyj\u0105tkowe kamienie z ca\u0142ego \u015bwiata, aby odpowiedzialnie i pe\u0142nym przekonaniem oferowa\u0107 klientom bi\u017cuteri\u0119 towarzysz\u0105cym najpi\u0119kniejszym emocjom.<\/p><\/div>\r\n                                        <div class=\"text__cta\">\r\n                                                    <a\r\n                                class=\"btn btn--link arrow\"\r\n                                                                    href=\"\/o-nas\/\"\r\n                            >\r\n                                [EN] O nas                            <\/a>\r\n                                                                    <\/div>\r\n                <\/div>\r\n                <div class=\"col__image col-half col-md-12 col-lg-12 col-12 \">\r\n                                                                        <img decoding=\"async\" class=\"img-fluid\"\r\n                                 srcset=\"https:\/\/zolline.com\/wp-content\/uploads\/2025\/02\/Wskazowki-pielegnacji-pracownia-zlotnicza-1-1024x761.png 1024w,\r\n                                    https:\/\/zolline.com\/wp-content\/uploads\/2025\/02\/Wskazowki-pielegnacji-pracownia-zlotnicza-1.png 2560w\",\r\n                                 sizes=\"(max-width: 1024px) 1024px,\r\n                                    2560px\"\r\n                                 src=\"https:\/\/zolline.com\/wp-content\/uploads\/2025\/02\/Wskazowki-pielegnacji-pracownia-zlotnicza-1.png\"\r\n                                 alt=\"\" \/>\r\n                                                            <\/div>\r\n            <\/div>\r\n        <\/div>\r\n    <\/div>\r\n\n\n\r\n    <div id=\"targi\" class=\"section-fair_list aaa   margin_small_top margin_small_bottom \" >\r\n        <div class=\"fair_list__wrapper\">\r\n                            <h3 class=\"section__title\">[EN] Spotkajmy si\u0119<\/h3>\r\n                                        <div class=\"fair__list\">\r\n                                            <div class=\"list__item \">\r\n                            <div class=\"city-date__column\">\r\n                                                                    <div class=\"event-city\">\r\n                                        [EN] Warszawa                                     <\/div>\r\n                                                                                                    <div class=\"event-date\">\r\n                                        wkr\u00f3tce                                    <\/div>\r\n                                                            <\/div>\r\n                            <div class=\"place-address__column\">\r\n                                                                    <div class=\"event-place-address\">\r\n                                        Mokotowska 61, Warszawa                                    <\/div>\r\n                                                            <\/div>\r\n                            <div class=\"title__column\">\r\n                                                                    <div class=\"event-title\">\r\n                                        Otwarcie pierwszej galerii Zolline                                    <\/div>\r\n                                                            <\/div>\r\n                            <div class=\"link__column\">\r\n                                                            <\/div>\r\n                        <\/div>\r\n                                                        <\/div>\r\n                    <\/div>\r\n    <\/div>\r\n\r\n\r\n\n\n\r\n    <div id=\"\" class=\"section-instagram_feed   margin_small_top margin_none_bottom \" >\r\n        <div class=\"instagram_feed__wrapper\">\r\n                            <h3 class=\"section__title\">[EN] Zobacz nas na Instagramie<\/h3>\r\n                                        <div class=\"instagram_feed__shortcode\">\r\n                    \n<div id=\"sb_instagram\"  class=\"sbi sbi_mob_col_1 sbi_tab_col_2 sbi_col_3 sbi_width_resp sbi-theme sbi-default_theme sbi-style-regular\" style=\"padding-bottom: 2px;\" data-post-style=\"regular\"\t data-feedid=\"*1\"  data-res=\"auto\" data-cols=\"3\" data-colsmobile=\"1\" data-colstablet=\"2\" data-num=\"3\" data-nummobile=\"3\" data-header-size=\"medium\" data-item-padding=\"1\"\t data-shortcode-atts=\"{&quot;feed&quot;:&quot;1&quot;}\"  data-postid=\"10663\" data-locatornonce=\"f0c3039c30\" data-options=\"{&quot;grid&quot;:true,&quot;avatars&quot;:{&quot;zollinejewellery&quot;:&quot;&quot;,&quot;LCLzollinejewellery&quot;:&quot;https:\\\/\\\/zolline.com\\\/wp-content\\\/uploads\\\/sb-instagram-feed-images\\\/zollinejewellery.webp&quot;},&quot;lightboxcomments&quot;:20,&quot;colsmobile&quot;:1,&quot;colstablet&quot;:&quot;2&quot;,&quot;imageaspectratio&quot;:&quot;1:1&quot;}\" data-sbi-flags=\"favorLocal\">\n\n\t\n\t<div id=\"sbi_images\" style=\"gap: 2px;\">\n\t\t\t<\/div>\n\n\t<div id=\"sbi_load\" >\n\n\t\n\t\n<\/div>\n\n\t\t<span class=\"sbi_resized_image_data\" data-feed-id=\"*1\"\n\t\t  data-resized=\"[]\">\n\t<\/span>\n\t\t\t<div id=\"sbi_mod_error\">\n\t\t\t<span>This error message is only visible to WordPress admins<\/span><br\/>\n\t\t\t<div><strong>Wyst\u0105pi\u0142 problem z twoim kana\u0142em Instagramu.<\/strong><\/div>\t\t<\/div>\n\t\t\n<\/div>\n\n                <\/div>\r\n                    <\/div>\r\n    <\/div>\r\n\r\n\r\n\n\n\r\n","protected":false},"excerpt":{"rendered":"","protected":false},"author":1,"featured_media":0,"parent":0,"menu_order":0,"comment_status":"closed","ping_status":"closed","template":"","meta":{"_acf_changed":false,"footnotes":""},"class_list":["post-10663","page","type-page","status-publish","hentry"],"acf":[],"_links":{"self":[{"href":"https:\/\/zolline.klinikakodu.pl\/en\/wp-json\/wp\/v2\/pages\/10663","targetHints":{"allow":["GET"]}}],"collection":[{"href":"https:\/\/zolline.klinikakodu.pl\/en\/wp-json\/wp\/v2\/pages"}],"about":[{"href":"https:\/\/zolline.klinikakodu.pl\/en\/wp-json\/wp\/v2\/types\/page"}],"author":[{"embeddable":true,"href":"https:\/\/zolline.klinikakodu.pl\/en\/wp-json\/wp\/v2\/users\/1"}],"replies":[{"embeddable":true,"href":"https:\/\/zolline.klinikakodu.pl\/en\/wp-json\/wp\/v2\/comments?post=10663"}],"version-history":[{"count":3,"href":"https:\/\/zolline.klinikakodu.pl\/en\/wp-json\/wp\/v2\/pages\/10663\/revisions"}],"predecessor-version":[{"id":10670,"href":"https:\/\/zolline.klinikakodu.pl\/en\/wp-json\/wp\/v2\/pages\/10663\/revisions\/10670"}],"wp:attachment":[{"href":"https:\/\/zolline.klinikakodu.pl\/en\/wp-json\/wp\/v2\/media?parent=10663"}],"curies":[{"name":"wp","href":"https:\/\/api.w.org\/{rel}","templated":true}]}}